{"id":1103,"date":"2023-06-05T08:18:34","date_gmt":"2023-06-05T08:18:34","guid":{"rendered":"http:\/\/hitec-imaging.de\/?page_id=1103"},"modified":"2026-03-17T11:03:52","modified_gmt":"2026-03-17T11:03:52","slug":"produkte","status":"publish","type":"page","link":"https:\/\/hitec-imaging.de\/en\/produkte\/","title":{"rendered":"products"},"content":{"rendered":"<h1>Produkte<\/h1>\n<h1>Innovation trifft auf Pr\u00e4zision<\/h1>\n<div>\n<p>Wir bei Hologic Hitec-Imaging sind stolz darauf, unseren Kunden eine breite Palette von Produkten in den Kategorien &#8220;Fotoleiter&#8221; und &#8220;Elektromechanische Industriel\u00f6sungen&#8221; zu bieten.<\/p>\n<ul>\n<li>In der Welt der &#8220;Fotoleiter&#8221; erwarten Sie vielf\u00e4ltige L\u00f6sungen von Standard-Fotoleitern bis hin zu Gro\u00dfformat-Druckern und Hochgeschwindigkeitsdruckern.<\/li>\n<li>Im Bereich &#8220;Elektromechanische Industriel\u00f6sungen&#8221; profitieren Sie von unserem Engineering-Know-how, modernster Prozess- und Automatisierungstechnik, einzigartigen Sonderteilen, pr\u00e4zisen 3D-Messungen, professionellen Stanzdienstleistungen und unserem ausgezeichneten Service<\/li>\n<\/ul>\n<p>Lassen Sie uns gemeinsam Ihre Anforderungen erf\u00fcllen und schauen Sie sich unser vielf\u00e4ltiges Produktportfolio an. Mit Hologic Hitec-Imaging gewinnen Sie einen verl\u00e4sslichen Partner f\u00fcr zukunftsf\u00e4hige L\u00f6sungen.<\/p>\n<\/div>\n<ul>\n<li>\n<p>        <img decoding=\"async\" src=\"\/wp-content\/uploads\/2023\/06\/aeg_3900_4000wide_HighSpeed01.jpg\" alt=\"\"><\/p>\n<h3>Elektrofotografie<\/h3>\n<p><a href=\"\/produkte\/elektrofotografie\/\">Weitere Details<\/a><\/p>\n<\/li>\n<li>\n<p>        <img decoding=\"async\" src=\"\/wp-content\/uploads\/2023\/07\/Schweissen.jpg\" alt=\"\"><\/p>\n<h3>Elektromechanische Industriel\u00f6sungen<\/h3>\n<p><a href=\"\/produkte\/elektromechanische-industrieloesungen\/\">Weitere Details<\/a><\/p>\n<\/li>\n<\/ul>\n<p><!--more--><br \/>\n<!-- {\"type\":\"layout\",\"children\":[{\"type\":\"section\",\"props\":{\"css\":\".el-section h1, span{\\n    text-shadow: 1px 1px 5px #0000006e;\\n}\",\"image\":\"wp-content\\\/uploads\\\/2023\\\/06\\\/3Q5A7819_1.jpg\",\"image_position\":\"center-center\",\"media_overlay\":\"rgba(0, 0, 0, 0.16)\",\"style\":\"default\",\"text_color\":\"light\",\"title_breakpoint\":\"xl\",\"title_position\":\"top-left\",\"title_rotation\":\"left\",\"vertical_align\":\"\",\"width\":\"large\"},\"children\":[{\"type\":\"row\",\"children\":[{\"type\":\"column\",\"props\":{\"image_position\":\"center-center\",\"position_sticky_breakpoint\":\"m\"},\"children\":[{\"type\":\"headline\",\"props\":{\"content\":\"Produkte\",\"content_en_us\":\"Products\",\"title_element\":\"h1\",\"title_style\":\"heading-large\"}},{\"type\":\"breadcrumbs\",\"props\":{\"home_text\":\"Home\",\"show_current\":true,\"show_home\":true}}]}]}]},{\"type\":\"section\",\"props\":{\"image_position\":\"center-center\",\"style\":\"default\",\"title_breakpoint\":\"xl\",\"title_position\":\"top-left\",\"title_rotation\":\"left\",\"vertical_align\":\"\",\"width\":\"large\"},\"children\":[{\"type\":\"row\",\"props\":{\"layout\":\"1-2,1-2\"},\"children\":[{\"type\":\"column\",\"props\":{\"image_position\":\"center-center\",\"position_sticky_breakpoint\":\"m\",\"width_medium\":\"1-2\"},\"children\":[{\"type\":\"headline\",\"props\":{\"content\":\"Innovation trifft auf Pr\\u00e4zision\",\"content_en_us\":\"Innovation meets precision\",\"title_element\":\"h1\"}},{\"type\":\"text\",\"props\":{\"column_breakpoint\":\"m\",\"content\":\"\n\n<p>Wir bei Hologic Hitec-Imaging sind stolz darauf, unseren Kunden eine breite Palette von Produkten in den Kategorien \\\"Fotoleiter\\\" und \\\"Elektromechanische Industriel\\u00f6sungen\\\" zu bieten.<\\\/p>\\n\n\n<ul>\\n\n\n<li>In der Welt der \\\"Fotoleiter\\\" erwarten Sie vielf\\u00e4ltige L\\u00f6sungen von Standard-Fotoleitern bis hin zu Gro\\u00dfformat-Druckern und Hochgeschwindigkeitsdruckern.<\\\/li>\\n\n\n<li>Im Bereich \\\"Elektromechanische Industriel\\u00f6sungen\\\" profitieren Sie von unserem Engineering-Know-how, modernster Prozess- und Automatisierungstechnik, einzigartigen Sonderteilen, pr\\u00e4zisen 3D-Messungen, professionellen Stanzdienstleistungen und unserem ausgezeichneten Service<\\\/li>\\n<\\\/ul>\\n\n\n<p>Lassen Sie uns gemeinsam Ihre Anforderungen erf\\u00fcllen und schauen Sie sich unser vielf\\u00e4ltiges Produktportfolio an. Mit Hologic Hitec-Imaging gewinnen Sie einen verl\\u00e4sslichen Partner f\\u00fcr zukunftsf\\u00e4hige L\\u00f6sungen.<\\\/p>\",\"content_en_us\":\"\n\n<p>At Hologic Hitec-Imaging, we are proud to offer our customers a wide range of products in the categories of \\\"Photoconductors\\\" and \\\"Electromechanical Industrial Solutions\\\".<\\\/p>\\n\n\n<ul>\\n\n\n<li>In the world of \\\"Photoconductors\\\", you can expect a wide range of solutions from standard photoconductors to large format printers and high speed printers.<\\\/li>\\n\n\n<li>In the area of \\\"Electromechanical Industrial Solutions\\\" you will benefit from our engineering know-how, state-of-the-art process and automation technology, unique special parts, precise 3D measurements, professional stamping services and our excellent service<\\\/li>\\n<\\\/ul>\\n\n\n<p>Let us meet your requirements together and take a look at our diverse product portfolio. With Hologic Hitec-Imaging you gain a reliable partner for future-proof solutions.<\\\/p>\",\"margin\":\"default\"}}]},{\"type\":\"column\",\"props\":{\"image_position\":\"center-center\",\"position_sticky_breakpoint\":\"m\",\"width_medium\":\"1-2\"},\"children\":[{\"type\":\"grid\",\"props\":{\"content_column_breakpoint\":\"m\",\"css\":\".el-link{\\n    font-size:14px;\\n}\",\"filter\":false,\"filter_align\":\"left\",\"filter_all\":true,\"filter_all_label\":\"Alles anzeigen\",\"filter_grid_breakpoint\":\"m\",\"filter_grid_width\":\"auto\",\"filter_position\":\"top\",\"filter_style\":\"tab\",\"grid_default\":\"1\",\"grid_medium\":\"2\",\"icon_width\":80,\"image_align\":\"top\",\"image_grid_breakpoint\":\"m\",\"image_grid_width\":\"1-2\",\"image_svg_color\":\"emphasis\",\"item_animation\":true,\"lightbox_bg_close\":true,\"link_style\":\"default\",\"link_text\":\"Weitere Details\",\"margin\":\"default\",\"meta_align\":\"above-title\",\"meta_element\":\"div\",\"meta_style\":\"text-meta\",\"panel_image_no_padding\":true,\"panel_padding\":\"default\",\"panel_style\":\"card-default\",\"show_content\":true,\"show_hover_image\":true,\"show_hover_video\":true,\"show_image\":true,\"show_link\":true,\"show_meta\":true,\"show_title\":true,\"show_video\":true,\"title_align\":\"top\",\"title_element\":\"h3\",\"title_grid_breakpoint\":\"m\",\"title_grid_width\":\"1-2\",\"title_hover_style\":\"reset\"},\"children\":[{\"type\":\"grid_item\",\"props\":{\"content\":\"\",\"image\":\"wp-content\\\/uploads\\\/2023\\\/06\\\/aeg_3900_4000wide_HighSpeed01.jpg\",\"link\":\"produkte\\\/elektrofotografie\\\/\",\"link_en_us\":\"https:\\\/\\\/hitec-imaging.de\\\/en\\\/produkte\\\/elektrofotografie\\\/\",\"link_text_en_us\":\"more details\",\"title\":\"Elektrofotografie\",\"title_en_us\":\"Electrophotography\"}},{\"type\":\"grid_item\",\"props\":{\"content\":\"\",\"image\":\"wp-content\\\/uploads\\\/2023\\\/07\\\/Schweissen.jpg\",\"link\":\"produkte\\\/elektromechanische-industrieloesungen\\\/\",\"link_en_us\":\"https:\\\/\\\/hitec-imaging.de\\\/en\\\/produkte\\\/electromechanical-industrial-solutions\\\/\",\"link_text_en_us\":\"more details\",\"title\":\"Elektromechanische Industriel\\u00f6sungen\",\"title_en_us\":\"Electromechanical industrial solutions\"}}],\"name\":\"Produkte\"}]}]}]}],\"version\":\"4.5.7\"} --><\/p>\n","protected":false},"excerpt":{"rendered":"<p>Produkte Innovation trifft auf Pr\u00e4zision Wir bei Hologic Hitec-Imaging sind stolz darauf, unseren Kunden eine breite Palette von Produkten in den Kategorien &#8220;Fotoleiter&#8221; und &#8220;Elektromechanische Industriel\u00f6sungen&#8221; zu bieten. In der Welt der &#8220;Fotoleiter&#8221; erwarten Sie vielf\u00e4ltige L\u00f6sungen von Standard-Fotoleitern bis hin zu Gro\u00dfformat-Druckern und Hochgeschwindigkeitsdruckern. Im Bereich &#8220;Elektromechanische Industriel\u00f6sungen&#8221; profitieren Sie von unserem Engineering-Know-how, modernster [&hellip;]<\/p>\n","protected":false},"author":1,"featured_media":0,"parent":0,"menu_order":0,"comment_status":"closed","ping_status":"closed","template":"","meta":{"_acf_changed":false,"footnotes":""},"class_list":["post-1103","page","type-page","status-publish","hentry"],"acf":[],"_links":{"self":[{"href":"https:\/\/hitec-imaging.de\/en\/wp-json\/wp\/v2\/pages\/1103","targetHints":{"allow":["GET"]}}],"collection":[{"href":"https:\/\/hitec-imaging.de\/en\/wp-json\/wp\/v2\/pages"}],"about":[{"href":"https:\/\/hitec-imaging.de\/en\/wp-json\/wp\/v2\/types\/page"}],"author":[{"embeddable":true,"href":"https:\/\/hitec-imaging.de\/en\/wp-json\/wp\/v2\/users\/1"}],"replies":[{"embeddable":true,"href":"https:\/\/hitec-imaging.de\/en\/wp-json\/wp\/v2\/comments?post=1103"}],"version-history":[{"count":7,"href":"https:\/\/hitec-imaging.de\/en\/wp-json\/wp\/v2\/pages\/1103\/revisions"}],"predecessor-version":[{"id":1979,"href":"https:\/\/hitec-imaging.de\/en\/wp-json\/wp\/v2\/pages\/1103\/revisions\/1979"}],"wp:attachment":[{"href":"https:\/\/hitec-imaging.de\/en\/wp-json\/wp\/v2\/media?parent=1103"}],"curies":[{"name":"wp","href":"https:\/\/api.w.org\/{rel}","templated":true}]}}