{"id":1104,"date":"2023-06-05T08:18:34","date_gmt":"2023-06-05T08:18:34","guid":{"rendered":"http:\/\/hitec-imaging.de\/?page_id=1104"},"modified":"2026-03-17T11:04:04","modified_gmt":"2026-03-17T11:04:04","slug":"elektrofotografie","status":"publish","type":"page","link":"https:\/\/hitec-imaging.de\/en\/produkte\/elektrofotografie\/","title":{"rendered":"Electrophotography"},"content":{"rendered":"<h1>Fotoleiter<\/h1>\n<ul>\n<li>\n<p>        <img decoding=\"async\" src=\"\/wp-content\/uploads\/2023\/06\/aeg_43215_AO_TrommelDigital_gefaerbt.jpg\" alt=\"\"><\/p>\n<h3>Fotoleiter <\/h3>\n<div>\n<div class=\"text_only\">\n<div class=\"el-content uk-panel uk-margin-top\">\n<div class=\"el-content uk-panel uk-margin-top\">\n<div class=\"text_only\">\n<p>Hitec-Imaging entwickelt, produziert und vertreibt Selen-Fotoleiter f\u00fcr die Verwendung als Bildtr\u00e4ger in elektrofotografischen Kopierern, Druckern und Faxger\u00e4ten. Diese Segmente schlie\u00dfen wichtige M\u00e4rkte mit ein und umfassen vielf\u00e4ltige Produktkategorien. Aufgrund der langj\u00e4hrigen Erfahrung von Hitec-Imaging und unserer umfassenden Forschungs- und Entwicklungsarbeit konnten wir erfolgreich sehr enge Gesch\u00e4ftsbeziehungen mit OEMs kn\u00fcpfen und mit ihnen Produkte entwickeln, die auf ihre Anforderungen zugeschnitten sind. Sie ben\u00f6tigen Sonderteile? Sprechen Sie mit uns!<\/p>\n<p>Durchmesser bis 262 mm<br \/>L\u00e4nge bis 1025 mm<\/p>\n<p>Andere Geometrien auf Anfrage.<\/p>\n<\/div>\n<\/div>\n<\/div>\n<\/div>\n<\/div>\n<\/li>\n<li>\n<p>        <img decoding=\"async\" src=\"\/wp-content\/uploads\/2023\/06\/aeg_43313_AO_TrommelDigital01_gefaerbt.jpg\" alt=\"\"><\/p>\n<h3>Gro\u00dfformat-Drucker\/Kopierer <\/h3>\n<div>\n<div class=\"text_only\">Hitec-Imaging ist einer der wenigen leistungsf\u00e4higen Hersteller weltweit, der Trommeln f\u00fcr den Einsatz in Gro\u00dfformat-Anwendungen herstellt.<\/div>\n<\/div>\n<\/li>\n<li>\n<p>        <img decoding=\"async\" src=\"\/wp-content\/uploads\/2023\/06\/aeg_3900_4000wide_HighSpeed01.jpg\" alt=\"\"><\/p>\n<h3>Hochgeschwindigkeitsdrucker <\/h3>\n<div>\n<div class=\"text_only\">\n<div class=\"el-content uk-panel uk-margin-top\">\n<div class=\"el-content uk-panel uk-margin-top\">\n<div class=\"text_only\">\n<div class=\"el-content uk-panel uk-margin-top\">\n<div class=\"text_only\">\n<p>Hitec-Imaging stellt Trommeln f\u00fcr Drucksysteme mit hohem Durchsatz und Geschwindigkeiten von bis zu 1.000 DIN A4-Seiten pro Minute her. Diese Trommeln haben eine besonders best\u00e4ndige Selenbeschichtung, sodass Lebensdauern von mehr als 6 Mio. Drucken erreicht werden. Der typische Durchmesser der Trommel liegt zwischen 120 und 262 mm, die L\u00e4nge bei bis zu 550 mm.<\/p>\n<p>Hitec-Imaging ist au\u00dferdem exklusiver Zulieferer f\u00fcr f\u00fchrende OEMs.<\/p>\n<\/div>\n<\/div>\n<\/div>\n<\/div>\n<\/div>\n<\/div>\n<\/div>\n<\/li>\n<\/ul>\n<ul>\n<li>\n<p>        <img decoding=\"async\" src=\"\/wp-content\/uploads\/2023\/06\/aeg_43215_AO_TrommelDigital_gefaerbt.jpg\" alt=\"\"><\/p>\n<h3>Fotoleiter<\/h3>\n<div>\n<div class=\"text_only\">\n<p>Hitec-Imaging entwickelt, produziert und vertreibt Selen-Fotoleiter f\u00fcr die Verwendung als Bildtr\u00e4ger in elektrofotografischen Kopierern, Druckern und Faxger\u00e4ten. Diese Segmente schlie\u00dfen wichtige M\u00e4rkte mit ein und umfassen vielf\u00e4ltige Produktkategorien. Aufgrund der langj\u00e4hrigen Erfahrung von Hitec-Imaging und unserer umfassenden Forschungs- und Entwicklungsarbeit konnten wir erfolgreich sehr enge Gesch\u00e4ftsbeziehungen mit OEMs kn\u00fcpfen und mit ihnen Produkte entwickeln, die auf ihre Anforderungen zugeschnitten sind. Sie ben\u00f6tigen Sonderteile? Sprechen Sie mit uns!<\/p>\n<p>Durchmesser bis 262 mm<br \/>L\u00e4nge bis 1025 mm<\/p>\n<p>Andere Geometrien auf Anfrage.<\/p>\n<\/div>\n<\/div>\n<\/li>\n<li>\n<p>        <img decoding=\"async\" src=\"\/wp-content\/uploads\/2023\/06\/aeg_43313_AO_TrommelDigital01_gefaerbt.jpg\" alt=\"\"><\/p>\n<h3>Gro\u00dfformat-Drucker\/Kopierer<\/h3>\n<div>\n<div class=\"text_only\">Hitec-Imaging ist einer der wenigen leistungsf\u00e4higen Hersteller weltweit, der Trommeln f\u00fcr den Einsatz in Gro\u00dfformat-Anwendungen herstellt.<\/div>\n<\/div>\n<\/li>\n<li>\n<p>        <img decoding=\"async\" src=\"\/wp-content\/uploads\/2023\/06\/aeg_3900_4000wide_HighSpeed01.jpg\" alt=\"\"><\/p>\n<h3>Hochgeschwindigkeitsdrucker<\/h3>\n<div>\n<div class=\"text_only\">\n<p>Hitec-Imaging stellt Trommeln f\u00fcr Drucksysteme mit hohem Durchsatz und Geschwindigkeiten von bis zu 1.000 DIN A4-Seiten pro Minute her. Diese Trommeln haben eine besonders best\u00e4ndige Selenbeschichtung, sodass Lebensdauern von mehr als 6 Mio. Drucken erreicht werden. Der typische Durchmesser der Trommel liegt zwischen 120 und 262 mm, die L\u00e4nge bei bis zu 550 mm.<\/p>\n<p>Hitec-Imaging ist au\u00dferdem exklusiver Zulieferer f\u00fcr f\u00fchrende OEMs.<\/p>\n<\/div>\n<\/div>\n<\/li>\n<\/ul>\n<p><!--more--><br \/>\n<!-- {\"type\":\"layout\",\"children\":[{\"type\":\"section\",\"props\":{\"css\":\".el-section h1, span{\\n    text-shadow: 1px 1px 5px #0000006e;\\n}\",\"image\":\"wp-content\\\/uploads\\\/2023\\\/06\\\/3Q5A7819_1.jpg\",\"image_position\":\"center-center\",\"media_overlay\":\"rgba(0, 0, 0, 0.16)\",\"style\":\"default\",\"text_color\":\"light\",\"title_breakpoint\":\"xl\",\"title_position\":\"top-left\",\"title_rotation\":\"left\",\"vertical_align\":\"\",\"width\":\"large\"},\"children\":[{\"type\":\"row\",\"children\":[{\"type\":\"column\",\"props\":{\"image_position\":\"center-center\",\"position_sticky_breakpoint\":\"m\"},\"children\":[{\"type\":\"headline\",\"props\":{\"content\":\"Fotoleiter\",\"content_en_us\":\"Electrophotography\",\"title_element\":\"h1\",\"title_style\":\"heading-large\"}},{\"type\":\"breadcrumbs\",\"props\":{\"home_text\":\"Home\",\"show_current\":true,\"show_home\":true}}]}]}]},{\"type\":\"section\",\"props\":{\"image_position\":\"center-center\",\"style\":\"default\",\"title_breakpoint\":\"xl\",\"title_position\":\"top-left\",\"title_rotation\":\"left\",\"vertical_align\":\"\",\"width\":\"large\"},\"children\":[{\"type\":\"row\",\"children\":[{\"type\":\"column\",\"props\":{\"image_position\":\"center-center\",\"position_sticky_breakpoint\":\"m\"},\"children\":[{\"type\":\"switcher\",\"props\":{\"content_column_breakpoint\":\"m\",\"image_align\":\"right\",\"image_grid_breakpoint\":\"m\",\"image_grid_width\":\"1-2\",\"image_svg_color\":\"emphasis\",\"link_style\":\"default\",\"link_text\":\"Read more\",\"margin\":\"default\",\"meta_align\":\"below-title\",\"meta_element\":\"div\",\"meta_style\":\"text-meta\",\"nav\":\"tab\",\"nav_align\":\"left\",\"nav_grid_breakpoint\":\"m\",\"nav_grid_width\":\"auto\",\"nav_position\":\"top\",\"nav_vertical_align\":false,\"show_content\":true,\"show_image\":true,\"show_label\":true,\"show_link\":true,\"show_meta\":true,\"show_thumbnail\":true,\"show_title\":false,\"switcher_animation\":\"fade\",\"switcher_height\":true,\"thumbnav_height\":\"75\",\"thumbnav_svg_color\":\"emphasis\",\"thumbnav_width\":\"100\",\"title_align\":\"top\",\"title_element\":\"h3\",\"title_grid_breakpoint\":\"m\",\"title_grid_width\":\"1-2\",\"visibility\":\"m\"},\"children\":[{\"type\":\"switcher_item\",\"props\":{\"content\":\"\n\n<div class=\\\"text_only\\\">\\n\n\n<div class=\\\"el-content uk-panel uk-margin-top\\\">\\n\n\n<div class=\\\"el-content uk-panel uk-margin-top\\\">\\n\n\n<div class=\\\"text_only\\\">\\n\n\n<p>Hitec-Imaging entwickelt, produziert und vertreibt Selen-Fotoleiter f\\u00fcr die Verwendung als Bildtr\\u00e4ger in elektrofotografischen Kopierern, Druckern und Faxger\\u00e4ten. Diese Segmente schlie\\u00dfen wichtige M\\u00e4rkte mit ein und umfassen vielf\\u00e4ltige Produktkategorien. Aufgrund der langj\\u00e4hrigen Erfahrung von Hitec-Imaging und unserer umfassenden Forschungs- und Entwicklungsarbeit konnten wir erfolgreich sehr enge Gesch\\u00e4ftsbeziehungen mit OEMs kn\\u00fcpfen und mit ihnen Produkte entwickeln, die auf ihre Anforderungen zugeschnitten sind. Sie ben\\u00f6tigen Sonderteile? Sprechen Sie mit uns!<\\\/p>\\n\n\n<p>Durchmesser bis 262 mm<br \\\/>L\\u00e4nge bis 1025 mm<\\\/p>\\n\n\n<p>Andere Geometrien auf Anfrage.<\\\/p>\\n<\\\/div>\\n<\\\/div>\\n<\\\/div>\\n<\\\/div>\",\"content_en_us\":\"\n\n<div class=\\\"el-content uk-panel uk-margin-top\\\">\\n\n\n<p>Hitec-Imaging develops, manufactures and markets selenium photoconductors for use as image carriers in electrophotographic copiers, printers and fax machines. These segments include major markets and encompass diverse product categories. Hitec-Imaging\\u2019s many years of experience and our extensive research and development efforts have enabled us to successfully establish very close business relationships with OEMs and work with them to develop products tailored to their requirements. Do you need special parts? Talk to us!<\\\/p>\\n\n\n<p>Diameter up to 262 mm<br \\\/>Length up to 1025 mm<\\\/p>\\n\n\n<p>Other geometries on request.<\\\/p>\\n<\\\/div>\",\"image\":\"wp-content\\\/uploads\\\/2023\\\/06\\\/aeg_43215_AO_TrommelDigital_gefaerbt.jpg\",\"title\":\"Fotoleiter \",\"title_en_us\":\"Photoconductor \"}},{\"type\":\"switcher_item\",\"props\":{\"content\":\"\n\n<div class=\\\"text_only\\\">Hitec-Imaging ist einer der wenigen leistungsf\\u00e4higen Hersteller weltweit, der Trommeln f\\u00fcr den Einsatz in Gro\\u00dfformat-Anwendungen herstellt.<\\\/div>\",\"content_en_us\":\"\n\n<p>Hitec-Imaging is one of the few capable manufacturers in the world to produce drums for use in wide format applications.<\\\/p>\",\"image\":\"wp-content\\\/uploads\\\/2023\\\/06\\\/aeg_43313_AO_TrommelDigital01_gefaerbt.jpg\",\"title\":\"Gro\\u00dfformat-Drucker\\\/Kopierer \",\"title_en_us\":\"Large format printer\\\/copier \"}},{\"type\":\"switcher_item\",\"props\":{\"content\":\"\n\n<div class=\\\"text_only\\\">\\n\n\n<div class=\\\"el-content uk-panel uk-margin-top\\\">\\n\n\n<div class=\\\"el-content uk-panel uk-margin-top\\\">\\n\n\n<div class=\\\"text_only\\\">\\n\n\n<div class=\\\"el-content uk-panel uk-margin-top\\\">\\n\n\n<div class=\\\"text_only\\\">\\n\n\n<p>Hitec-Imaging stellt Trommeln f\\u00fcr Drucksysteme mit hohem Durchsatz und Geschwindigkeiten von bis zu 1.000 DIN A4-Seiten pro Minute her. Diese Trommeln haben eine besonders best\\u00e4ndige Selenbeschichtung, sodass Lebensdauern von mehr als 6 Mio. Drucken erreicht werden. Der typische Durchmesser der Trommel liegt zwischen 120 und 262 mm, die L\\u00e4nge bei bis zu 550 mm.<\\\/p>\\n\n\n<p>Hitec-Imaging ist au\\u00dferdem exklusiver Zulieferer f\\u00fcr f\\u00fchrende OEMs.<\\\/p>\\n<\\\/div>\\n<\\\/div>\\n<\\\/div>\\n<\\\/div>\\n<\\\/div>\\n<\\\/div>\",\"content_en_us\":\"\n\n<div class=\\\"el-content uk-panel uk-margin-top\\\">\\n\n\n<div class=\\\"el-content uk-panel uk-margin-top\\\">\\n\n\n<div class=\\\"text_only\\\">\\n\n\n<p>Hitec-Imaging manufactures drums for high-throughput printing systems with speeds of up to 1,000 A4 pages per minute. These drums have a particularly durable selenium coating, so that lifetimes of more than 6 million prints can be achieved. The typical diameter of the drum is between 120 and 262 mm, and the length is up to 550 mm.<\\\/p>\\n\n\n<p>Hitec-Imaging is also the exclusive supplier for leading OEMs.<\\\/p>\\n<\\\/div>\\n<\\\/div>\\n<\\\/div>\",\"image\":\"wp-content\\\/uploads\\\/2023\\\/06\\\/aeg_3900_4000wide_HighSpeed01.jpg\",\"title\":\"Hochgeschwindigkeitsdrucker \",\"title_en_us\":\"High-speed printer \"}}],\"name\":\"Produkte Desktop\"},{\"type\":\"accordion\",\"props\":{\"collapsible\":false,\"content_column_breakpoint\":\"m\",\"image_align\":\"right\",\"image_grid_breakpoint\":\"m\",\"image_grid_width\":\"1-2\",\"image_svg_color\":\"emphasis\",\"link_style\":\"default\",\"link_text\":\"Read more\",\"margin\":\"default\",\"show_image\":true,\"show_link\":true,\"visibility\":\"hidden-m\"},\"children\":[{\"type\":\"accordion_item\",\"props\":{\"content\":\"\n\n<div class=\\\"text_only\\\">\\n\n\n<p>Hitec-Imaging entwickelt, produziert und vertreibt Selen-Fotoleiter f\\u00fcr die Verwendung als Bildtr\\u00e4ger in elektrofotografischen Kopierern, Druckern und Faxger\\u00e4ten. Diese Segmente schlie\\u00dfen wichtige M\\u00e4rkte mit ein und umfassen vielf\\u00e4ltige Produktkategorien. Aufgrund der langj\\u00e4hrigen Erfahrung von Hitec-Imaging und unserer umfassenden Forschungs- und Entwicklungsarbeit konnten wir erfolgreich sehr enge Gesch\\u00e4ftsbeziehungen mit OEMs kn\\u00fcpfen und mit ihnen Produkte entwickeln, die auf ihre Anforderungen zugeschnitten sind. Sie ben\\u00f6tigen Sonderteile? Sprechen Sie mit uns!<\\\/p>\\n\n\n<p>Durchmesser bis 262 mm<br \\\/>L\\u00e4nge bis 1025 mm<\\\/p>\\n\n\n<p>Andere Geometrien auf Anfrage.<\\\/p>\\n<\\\/div>\",\"content_en_us\":\"\n\n<div class=\\\"el-content uk-panel uk-margin-top\\\">\\n\n\n<p>Hitec-Imaging develops, manufactures and markets selenium photoconductors for use as image carriers in electrophotographic copiers, printers and fax machines. These segments include major markets and encompass diverse product categories. Hitec-Imaging\\u2019s many years of experience and our extensive research and development efforts have enabled us to successfully establish very close business relationships with OEMs and work with them to develop products tailored to their requirements. Do you need special parts? Talk to us!<\\\/p>\\n\n\n<p>Diameter up to 262 mm<br \\\/>Length up to 1025 mm<\\\/p>\\n\n\n<p>Other geometries on request.<\\\/p>\\n<\\\/div>\",\"image\":\"wp-content\\\/uploads\\\/2023\\\/06\\\/aeg_43215_AO_TrommelDigital_gefaerbt.jpg\",\"title\":\"Fotoleiter\",\"title_en_us\":\"Photoconductor \"}},{\"type\":\"accordion_item\",\"props\":{\"content\":\"\n\n<div class=\\\"text_only\\\">Hitec-Imaging ist einer der wenigen leistungsf\\u00e4higen Hersteller weltweit, der Trommeln f\\u00fcr den Einsatz in Gro\\u00dfformat-Anwendungen herstellt.<\\\/div>\",\"content_en_us\":\"\n\n<p>Hitec-Imaging is one of the few capable manufacturers in the world to produce drums for use in wide format applications.<\\\/p>\",\"image\":\"wp-content\\\/uploads\\\/2023\\\/06\\\/aeg_43313_AO_TrommelDigital01_gefaerbt.jpg\",\"title\":\"Gro\\u00dfformat-Drucker\\\/Kopierer\",\"title_en_us\":\"Large format printer\\\/copier \"}},{\"type\":\"accordion_item\",\"props\":{\"content\":\"\n\n<div class=\\\"text_only\\\">\\n\n\n<p>Hitec-Imaging stellt Trommeln f\\u00fcr Drucksysteme mit hohem Durchsatz und Geschwindigkeiten von bis zu 1.000 DIN A4-Seiten pro Minute her. Diese Trommeln haben eine besonders best\\u00e4ndige Selenbeschichtung, sodass Lebensdauern von mehr als 6 Mio. Drucken erreicht werden. Der typische Durchmesser der Trommel liegt zwischen 120 und 262 mm, die L\\u00e4nge bei bis zu 550 mm.<\\\/p>\\n\n\n<p>Hitec-Imaging ist au\\u00dferdem exklusiver Zulieferer f\\u00fcr f\\u00fchrende OEMs.<\\\/p>\\n<\\\/div>\",\"content_en_us\":\"\n\n<div class=\\\"el-content uk-panel uk-margin-top\\\">\\n\n\n<div class=\\\"el-content uk-panel uk-margin-top\\\">\\n\n\n<div class=\\\"text_only\\\">\\n\n\n<p>Hitec-Imaging manufactures drums for high-throughput printing systems with speeds of up to 1,000 A4 pages per minute. These drums have a particularly durable selenium coating, so that lifetimes of more than 6 million prints can be achieved. The typical diameter of the drum is between 120 and 262 mm, and the length is up to 550 mm.<\\\/p>\\n\n\n<p>Hitec-Imaging is also the exclusive supplier for leading OEMs.<\\\/p>\\n<\\\/div>\\n<\\\/div>\\n<\\\/div>\",\"image\":\"wp-content\\\/uploads\\\/2023\\\/06\\\/aeg_3900_4000wide_HighSpeed01.jpg\",\"title\":\"Hochgeschwindigkeitsdrucker\",\"title_en_us\":\"High-speed printer \"}}],\"name\":\"Produkte Mobil\"}]}]}]}],\"version\":\"4.5.7\"} --><\/p>\n","protected":false},"excerpt":{"rendered":"<p>Fotoleiter Fotoleiter Hitec-Imaging entwickelt, produziert und vertreibt Selen-Fotoleiter f\u00fcr die Verwendung als Bildtr\u00e4ger in elektrofotografischen Kopierern, Druckern und Faxger\u00e4ten. Diese Segmente schlie\u00dfen wichtige M\u00e4rkte mit ein und umfassen vielf\u00e4ltige Produktkategorien. Aufgrund der langj\u00e4hrigen Erfahrung von Hitec-Imaging und unserer umfassenden Forschungs- und Entwicklungsarbeit konnten wir erfolgreich sehr enge Gesch\u00e4ftsbeziehungen mit OEMs kn\u00fcpfen und mit ihnen Produkte [&hellip;]<\/p>\n","protected":false},"author":1,"featured_media":0,"parent":1103,"menu_order":0,"comment_status":"closed","ping_status":"closed","template":"","meta":{"_acf_changed":false,"footnotes":""},"class_list":["post-1104","page","type-page","status-publish","hentry"],"acf":[],"_links":{"self":[{"href":"https:\/\/hitec-imaging.de\/en\/wp-json\/wp\/v2\/pages\/1104","targetHints":{"allow":["GET"]}}],"collection":[{"href":"https:\/\/hitec-imaging.de\/en\/wp-json\/wp\/v2\/pages"}],"about":[{"href":"https:\/\/hitec-imaging.de\/en\/wp-json\/wp\/v2\/types\/page"}],"author":[{"embeddable":true,"href":"https:\/\/hitec-imaging.de\/en\/wp-json\/wp\/v2\/users\/1"}],"replies":[{"embeddable":true,"href":"https:\/\/hitec-imaging.de\/en\/wp-json\/wp\/v2\/comments?post=1104"}],"version-history":[{"count":7,"href":"https:\/\/hitec-imaging.de\/en\/wp-json\/wp\/v2\/pages\/1104\/revisions"}],"predecessor-version":[{"id":1981,"href":"https:\/\/hitec-imaging.de\/en\/wp-json\/wp\/v2\/pages\/1104\/revisions\/1981"}],"up":[{"embeddable":true,"href":"https:\/\/hitec-imaging.de\/en\/wp-json\/wp\/v2\/pages\/1103"}],"wp:attachment":[{"href":"https:\/\/hitec-imaging.de\/en\/wp-json\/wp\/v2\/media?parent=1104"}],"curies":[{"name":"wp","href":"https:\/\/api.w.org\/{rel}","templated":true}]}}