{"id":1107,"date":"2023-06-05T08:18:34","date_gmt":"2023-06-05T08:18:34","guid":{"rendered":"http:\/\/hitec-imaging.de\/?page_id=1107"},"modified":"2026-03-17T11:04:31","modified_gmt":"2026-03-17T11:04:31","slug":"karriere-1","status":"publish","type":"page","link":"https:\/\/hitec-imaging.de\/en\/karriere-1\/","title":{"rendered":"career"},"content":{"rendered":"<h1>Karriere<\/h1>\n<h1>Aktuelle Stellenangebote<\/h1>\n<div>\n<\/div>\n<hr>\n<div>\n<h3>Du hast Interesse an einem Praktikum?<\/h3>\n<p>Praktika sind bei uns grunds\u00e4tzlich <strong>jederzeit<\/strong> m\u00f6glich. Schicke Deine Bewerbungsunterlagen einfach per E-Mail an: <strong>hr@hitec-imaging.de<\/strong><\/p>\n<p>Solltest Du Fragen bez\u00fcglich Deines Praktikums haben, wende Dich bitte an:<\/p>\n<p><strong>Herrn Stefan Gockel<\/strong><\/p>\n<p>Tel.: <span class=\"OYPEnA text-decoration-none text-strikethrough-none\">+49 151 70619836<\/span><\/p>\n<p>E-Mail: stefan.gockel@hitec-imaging.de<\/p>\n<p><strong>Wir freuen uns auf Deine Bewerbung!<\/strong><\/p>\n<\/div>\n<p><!--more--><br \/>\n<!-- {\"type\":\"layout\",\"children\":[{\"type\":\"section\",\"props\":{\"css\":\".el-section h1, span{\\n    text-shadow: 1px 1px 5px #0000006e;\\n}\",\"image\":\"wp-content\\\/uploads\\\/2023\\\/06\\\/3Q5A7550_4.jpg\",\"image_position\":\"center-center\",\"media_overlay\":\"rgba(0, 0, 0, 0.16)\",\"style\":\"default\",\"text_color\":\"light\",\"title_breakpoint\":\"xl\",\"title_position\":\"top-left\",\"title_rotation\":\"left\",\"vertical_align\":\"\",\"width\":\"large\"},\"children\":[{\"type\":\"row\",\"children\":[{\"type\":\"column\",\"props\":{\"image_position\":\"center-center\",\"position_sticky_breakpoint\":\"m\"},\"children\":[{\"type\":\"headline\",\"props\":{\"content\":\"Karriere\",\"content_en_us\":\"Career\",\"title_element\":\"h1\",\"title_style\":\"heading-large\"}},{\"type\":\"breadcrumbs\",\"props\":{\"home_text\":\"Home\",\"show_current\":true,\"show_home\":true}}]}]}]},{\"type\":\"section\",\"props\":{\"image_position\":\"center-center\",\"style\":\"muted\",\"title_breakpoint\":\"xl\",\"title_position\":\"top-left\",\"title_rotation\":\"left\",\"vertical_align\":\"\",\"width\":\"large\"},\"children\":[{\"type\":\"row\",\"children\":[{\"type\":\"column\",\"props\":{\"image_position\":\"center-center\",\"position_sticky_breakpoint\":\"m\"},\"children\":[{\"type\":\"headline\",\"props\":{\"content\":\"Aktuelle Stellenangebote\",\"content_en_us\":\"Current job offers\",\"title_element\":\"h1\"}}]}]},{\"type\":\"row\",\"children\":[{\"type\":\"column\",\"props\":{\"image_position\":\"center-center\",\"position_sticky_breakpoint\":\"m\"},\"children\":[{\"type\":\"grid\",\"props\":{\"content_column_breakpoint\":\"m\",\"content_style\":\"h4\",\"css\":\".el-link{\\n    font-size:14px;\\n}\\n\\n.el-title{\\n    position: absolute;\\ntop: 10px;\\nleft: 10px;\\ncolor: #000;\\npadding: 8px;\\nbackground: #ffffffc2;\\nborder-radius: 50px;\\n}\\n\\n.el-meta{\\n    margin-top:0px!important;\\n}\",\"filter\":true,\"filter_align\":\"left\",\"filter_all\":true,\"filter_all_label\":\"Alles anzeigen\",\"filter_grid_breakpoint\":\"m\",\"filter_grid_width\":\"auto\",\"filter_position\":\"top\",\"filter_style\":\"tab\",\"grid_default\":\"1\",\"grid_medium\":\"4\",\"icon_width\":80,\"image_align\":\"top\",\"image_grid_breakpoint\":\"m\",\"image_grid_width\":\"1-2\",\"image_svg_color\":\"emphasis\",\"item_animation\":true,\"lightbox_bg_close\":true,\"link_style\":\"default\",\"link_text\":\"weitere Details\",\"margin\":\"default\",\"meta_align\":\"above-title\",\"meta_element\":\"div\",\"meta_style\":\"text-meta\",\"panel_image_no_padding\":true,\"panel_padding\":\"default\",\"panel_style\":\"card-default\",\"show_content\":true,\"show_hover_image\":true,\"show_hover_video\":true,\"show_image\":true,\"show_link\":true,\"show_meta\":true,\"show_title\":true,\"show_video\":true,\"text_align\":\"center\",\"title_align\":\"top\",\"title_element\":\"h3\",\"title_grid_breakpoint\":\"m\",\"title_grid_width\":\"1-2\",\"title_hover_style\":\"reset\",\"title_style\":\"h5\"},\"children\":[{\"type\":\"grid_item\",\"source\":{\"query\":{\"name\":\"stellenausschreibungs.customStellenausschreibungs\",\"arguments\":{\"terms\":[],\"category_operator\":\"IN\",\"post_flag_operator\":\"IN\",\"post_tag_operator\":\"IN\",\"users\":[],\"users_operator\":\"IN\",\"offset\":0,\"limit\":10,\"order\":\"date\",\"order_direction\":\"DESC\",\"kategorie_operator\":\"IN\"}},\"props\":{\"title\":{\"filters\":{\"search\":\"Ja\",\"replace\":\"\"},\"name\":\"field.status.value\"},\"link\":{\"filters\":{\"search\":\"\"},\"name\":\"link\"},\"tags\":{\"filters\":{\"search\":\"\"},\"arguments\":{\"separator\":\", \",\"show_link\":true,\"link_style\":\"\"},\"name\":\"categoryString\"},\"image\":{\"filters\":{\"search\":\"\"},\"name\":\"field.vorschaubild_video.vorschaubild.url\"},\"meta\":{\"filters\":{\"search\":\"\"},\"arguments\":{\"separator\":\", \",\"show_link\":true,\"link_style\":\"\"},\"name\":\"categoryString\"},\"content\":{\"filters\":{\"search\":\"\"},\"name\":\"title\"}}}}],\"source\":{\"query\":{\"name\":\"stellenausschreibungs.customStellenausschreibungs\",\"arguments\":{\"terms\":[],\"category_operator\":\"IN\",\"post_flag_operator\":\"IN\",\"post_tag_operator\":\"IN\",\"users\":[],\"users_operator\":\"IN\",\"offset\":0,\"limit\":10,\"order\":\"date\",\"order_direction\":\"DESC\",\"kategorie_operator\":\"IN\"}}}},{\"type\":\"divider\",\"props\":{\"divider_element\":\"hr\"}},{\"type\":\"text\",\"props\":{\"column_breakpoint\":\"m\",\"content\":\"\n\n<h3>Du hast Interesse an einem Praktikum?<\\\/h3>\\n\n\n<p>Praktika sind bei uns grunds\\u00e4tzlich <strong>jederzeit<\\\/strong> m\\u00f6glich. Schicke Deine Bewerbungsunterlagen einfach per E-Mail an: <strong>hr@hitec-imaging.de<\\\/strong><\\\/p>\\n\n\n<p>Solltest Du Fragen bez\\u00fcglich Deines Praktikums haben, wende Dich bitte an:<\\\/p>\\n\n\n<p><strong>Herrn Stefan Gockel<\\\/strong><\\\/p>\\n\n\n<p>Tel.: <span class=\\\"OYPEnA text-decoration-none text-strikethrough-none\\\">+49 151 70619836<\\\/span><\\\/p>\\n\n\n<p>E-Mail: stefan.gockel@hitec-imaging.de<\\\/p>\\n\n\n<p><strong>Wir freuen uns auf Deine Bewerbung!<\\\/strong><\\\/p>\",\"content_en_us\":\"\n\n<h3>Are you interested in an apprenticeship?<\\\/h3>\\n\n\n<p>Apprenticeships are possible <strong>at any time<\\\/strong>. Simply send your application documents by e-mail to: <strong>hr@hitec-imaging.de<\\\/strong><\\\/p>\\n\n\n<p>If you have any questions regarding your apprenticeship, please contact:<\\\/p>\\n\n\n<p><strong>Mr. Stefan Gockel<\\\/strong><\\\/p>\\n\n\n<p>Phone: <span class=\\\"OYPEnA text-decoration-none text-strikethrough-none\\\">+49 151 70619836<\\\/span><\\\/p>\\n\n\n<p>Mail: stefan.gockel@hitec-imaging.de<\\\/p>\\n\n\n<p><\\\/p>\\n\n\n<p><strong>We look forward to receiving your application!<\\\/strong><\\\/p>\",\"margin\":\"default\"}}]}]}],\"name\":\"Stellenanegebtoe\"}],\"version\":\"4.5.7\"} --><\/p>\n","protected":false},"excerpt":{"rendered":"<p>Karriere Aktuelle Stellenangebote Du hast Interesse an einem Praktikum? Praktika sind bei uns grunds\u00e4tzlich jederzeit m\u00f6glich. Schicke Deine Bewerbungsunterlagen einfach per E-Mail an: hr@hitec-imaging.de Solltest Du Fragen bez\u00fcglich Deines Praktikums haben, wende Dich bitte an: Herrn Stefan Gockel Tel.: +49 151 70619836 E-Mail: stefan.gockel@hitec-imaging.de Wir freuen uns auf Deine Bewerbung!<\/p>\n","protected":false},"author":1,"featured_media":0,"parent":0,"menu_order":0,"comment_status":"closed","ping_status":"closed","template":"","meta":{"_acf_changed":false,"footnotes":""},"class_list":["post-1107","page","type-page","status-publish","hentry"],"acf":[],"_links":{"self":[{"href":"https:\/\/hitec-imaging.de\/en\/wp-json\/wp\/v2\/pages\/1107","targetHints":{"allow":["GET"]}}],"collection":[{"href":"https:\/\/hitec-imaging.de\/en\/wp-json\/wp\/v2\/pages"}],"about":[{"href":"https:\/\/hitec-imaging.de\/en\/wp-json\/wp\/v2\/types\/page"}],"author":[{"embeddable":true,"href":"https:\/\/hitec-imaging.de\/en\/wp-json\/wp\/v2\/users\/1"}],"replies":[{"embeddable":true,"href":"https:\/\/hitec-imaging.de\/en\/wp-json\/wp\/v2\/comments?post=1107"}],"version-history":[{"count":7,"href":"https:\/\/hitec-imaging.de\/en\/wp-json\/wp\/v2\/pages\/1107\/revisions"}],"predecessor-version":[{"id":1985,"href":"https:\/\/hitec-imaging.de\/en\/wp-json\/wp\/v2\/pages\/1107\/revisions\/1985"}],"wp:attachment":[{"href":"https:\/\/hitec-imaging.de\/en\/wp-json\/wp\/v2\/media?parent=1107"}],"curies":[{"name":"wp","href":"https:\/\/api.w.org\/{rel}","templated":true}]}}